{"id":2188,"date":"2022-02-17T12:57:08","date_gmt":"2022-02-17T17:57:08","guid":{"rendered":"https:\/\/ugicinsurance.com\/vehicle-accident-report\/"},"modified":"2022-04-05T13:18:07","modified_gmt":"2022-04-05T17:18:07","slug":"rapport-daccident-automobile","status":"publish","type":"page","link":"https:\/\/ugicinsurance.com\/fr\/rapport-daccident-automobile\/","title":{"rendered":"Rapport d\u2019accident automobile"},"content":{"rendered":"\n<style type=\"text\/css\" data-created_by=\"avia_inline_auto\" id=\"style-css-av-kzramjs2-82aedbf90eafc5865c29677cda06d083\">\n.avia-section.av-kzramjs2-82aedbf90eafc5865c29677cda06d083{\nbackground-repeat:no-repeat;\nbackground-image:url(https:\/\/ugicinsurance.com\/wp-content\/uploads\/2020\/03\/DSC06263-1500x630.jpg);\nbackground-position:50% 50%;\nbackground-attachment:scroll;\n}\n.avia-section.av-kzramjs2-82aedbf90eafc5865c29677cda06d083 .av-section-color-overlay{\nopacity:0.6;\nbackground-color:#000000;\n}\n<\/style>\n<div id='av_section_1'  class='avia-section av-kzramjs2-82aedbf90eafc5865c29677cda06d083 main_color avia-section-default avia-no-border-styling  avia-builder-el-0  el_before_av_icon_box  avia-builder-el-first  avia-full-stretch avia-bg-style-scroll av-section-color-overlay-active av-minimum-height av-minimum-height-50 av-height-50  container_wrap fullsize'  data-section-bg-repeat='stretch' data-av_minimum_height_pc='50' data-av_min_height_opt='50'><div class=\"av-section-color-overlay-wrap\"><div class=\"av-section-color-overlay\"><\/div><div class='container av-section-cont-open' ><main  role=\"main\" itemprop=\"mainContentOfPage\"  class='template-page content  av-content-full alpha units'><div class='post-entry post-entry-type-page post-entry-2188'><div class='entry-content-wrapper clearfix'>\n\n<style type=\"text\/css\" data-created_by=\"avia_inline_auto\" id=\"style-css-av-l1m5keze-2ae5518600033cc6d07c520c42826683\">\n#top .av-special-heading.av-l1m5keze-2ae5518600033cc6d07c520c42826683{\nmargin:0 0 0 0;\npadding-bottom:0;\ncolor:#ffffff;\nfont-size:5vw;\n}\nbody .av-special-heading.av-l1m5keze-2ae5518600033cc6d07c520c42826683 .av-special-heading-tag .heading-char{\nfont-size:25px;\n}\n#top #wrap_all .av-special-heading.av-l1m5keze-2ae5518600033cc6d07c520c42826683 .av-special-heading-tag{\nfont-size:5vw;\n}\n.av-special-heading.av-l1m5keze-2ae5518600033cc6d07c520c42826683 .special-heading-inner-border{\nborder-color:#ffffff;\n}\n.av-special-heading.av-l1m5keze-2ae5518600033cc6d07c520c42826683 .av-subheading{\nfont-size:20px;\n}\n\n@media only screen and (min-width: 480px) and (max-width: 767px){ \n#top #wrap_all .av-special-heading.av-l1m5keze-2ae5518600033cc6d07c520c42826683 .av-special-heading-tag{\nfont-size:0.8em;\n}\n}\n\n@media only screen and (max-width: 479px){ \n#top #wrap_all .av-special-heading.av-l1m5keze-2ae5518600033cc6d07c520c42826683 .av-special-heading-tag{\nfont-size:0.8em;\n}\n}\n<\/style>\n<div  class='av-special-heading av-l1m5keze-2ae5518600033cc6d07c520c42826683 av-special-heading-h2 custom-color-heading blockquote modern-quote modern-centered  avia-builder-el-1  avia-builder-el-no-sibling  av-inherit-size av-linked-heading'><h2 class='av-special-heading-tag '  itemprop=\"headline\"  >Rapport d\u2019accident automobile<\/h2><div class='av_custom_color av-subheading av-subheading_below'><p>Si vous avez la malchance d&#8217;\u00eatre impliqu\u00e9 dans un accident alors que vous conduisez votre v\u00e9hicule \u00e0 moteur, vous pouvez d\u00e9poser un rapport d&#8217;accident de v\u00e9hicule ci-dessous.<\/p>\n<\/div><div class=\"special-heading-border\"><div class=\"special-heading-inner-border\"><\/div><\/div><\/div>\n<\/div><\/div><\/main><!-- close content main element --><\/div><\/div><\/div><div id='after_section_1'  class='main_color av_default_container_wrap container_wrap fullsize'  ><div class='container av-section-cont-open' ><div class='template-page content  av-content-full alpha units'><div class='post-entry post-entry-type-page post-entry-2188'><div class='entry-content-wrapper clearfix'>\n\n<style type=\"text\/css\" data-created_by=\"avia_inline_auto\" id=\"style-css-av-kzrebjdp-d5d90571df7713e339f98b09c8a208d7\">\n.iconbox.av-kzrebjdp-d5d90571df7713e339f98b09c8a208d7 .iconbox_icon{\ncolor:#1573b6;\n}\n.iconbox.av-kzrebjdp-d5d90571df7713e339f98b09c8a208d7 .iconbox_icon.avia-svg-icon svg:first-child{\nfill:#1573b6;\nstroke:#1573b6;\n}\n\n@media only screen and (min-width: 768px) and (max-width: 989px){ \n#top #wrap_all .iconbox.av-kzrebjdp-d5d90571df7713e339f98b09c8a208d7 .iconbox_content_title{\nfont-size:20px;\n}\n.iconbox.av-kzrebjdp-d5d90571df7713e339f98b09c8a208d7 .iconbox_content_container{\nfont-size:15px;\n}\n}\n<\/style>\n<article  class='iconbox iconbox_left_content av-kzrebjdp-d5d90571df7713e339f98b09c8a208d7 av-icon-style-no-border  avia-builder-el-2  el_after_av_section  el_before_av_codeblock  avia-builder-el-first '  itemscope=\"itemscope\" itemtype=\"https:\/\/schema.org\/CreativeWork\" ><div class='iconbox_icon heading-color avia-iconfont avia-font-entypo-fontello' data-av_icon='\ue81f' data-av_iconfont='entypo-fontello'  ><\/div><div class=\"iconbox_content\"><header class=\"entry-content-header\" aria-label=\"Ic\u00f4ne : \u00c0 noter:\"><h3 class='iconbox_content_title '  itemprop=\"headline\" >\u00c0 noter:<\/h3><\/header><div class='iconbox_content_container '  itemprop=\"text\" ><p>Si vous soumettez votre rapport en ligne en dehors des heures d\u2019ouverture (8h30 \u00e0 16h30, un jour f\u00e9ri\u00e9 ou la fin de semaine), il ne sera pas trait\u00e9 avant le jour ouvrable suivant. Dans ce cas, veuillez plut\u00f4t communiquer, sans frais, avec notre service d\u2019urgence des r\u00e9clamations pour obtenir une aide imm\u00e9diate.<\/p>\n<p>N.B.- 1-877-666-0040 \/ N.\u00c9.- 1-800-290-0886<\/p>\n<\/div><\/div><footer class=\"entry-footer\"><\/footer><\/article>\n\n","protected":false},"excerpt":{"rendered":"","protected":false},"author":8,"featured_media":0,"parent":0,"menu_order":0,"comment_status":"closed","ping_status":"closed","template":"","meta":{"footnotes":""},"class_list":["post-2188","page","type-page","status-publish","hentry"],"yoast_head":"<!-- This site is optimized with the Yoast SEO plugin v27.2 - https:\/\/yoast.com\/product\/yoast-seo-wordpress\/ -->\n<title>Rapport d\u2019accident automobile - United General Insurance Corp.<\/title>\n<meta name=\"robots\" content=\"index, follow, max-snippet:-1, max-image-preview:large, max-video-preview:-1\" \/>\n<link rel=\"canonical\" href=\"https:\/\/ugicinsurance.com\/fr\/rapport-daccident-automobile\/\" \/>\n<meta property=\"og:locale\" content=\"fr_FR\" \/>\n<meta property=\"og:type\" content=\"article\" \/>\n<meta property=\"og:title\" content=\"Rapport d\u2019accident automobile - United General Insurance Corp.\" \/>\n<meta property=\"og:url\" content=\"https:\/\/ugicinsurance.com\/fr\/rapport-daccident-automobile\/\" \/>\n<meta property=\"og:site_name\" content=\"United General Insurance Corp.\" \/>\n<meta property=\"article:modified_time\" content=\"2022-04-05T17:18:07+00:00\" \/>\n<meta name=\"twitter:card\" content=\"summary_large_image\" \/>\n<meta name=\"twitter:label1\" content=\"Dur\u00e9e de lecture estim\u00e9e\" \/>\n\t<meta name=\"twitter:data1\" content=\"2 minutes\" \/>\n<script type=\"application\/ld+json\" class=\"yoast-schema-graph\">{\"@context\":\"https:\/\/schema.org\",\"@graph\":[{\"@type\":\"WebPage\",\"@id\":\"https:\/\/ugicinsurance.com\/fr\/rapport-daccident-automobile\/\",\"url\":\"https:\/\/ugicinsurance.com\/fr\/rapport-daccident-automobile\/\",\"name\":\"Rapport d\u2019accident automobile - United General Insurance Corp.\",\"isPartOf\":{\"@id\":\"https:\/\/ugicinsurance.com\/fr\/#website\"},\"datePublished\":\"2022-02-17T17:57:08+00:00\",\"dateModified\":\"2022-04-05T17:18:07+00:00\",\"breadcrumb\":{\"@id\":\"https:\/\/ugicinsurance.com\/fr\/rapport-daccident-automobile\/#breadcrumb\"},\"inLanguage\":\"fr-FR\",\"potentialAction\":[{\"@type\":\"ReadAction\",\"target\":[\"https:\/\/ugicinsurance.com\/fr\/rapport-daccident-automobile\/\"]}]},{\"@type\":\"BreadcrumbList\",\"@id\":\"https:\/\/ugicinsurance.com\/fr\/rapport-daccident-automobile\/#breadcrumb\",\"itemListElement\":[{\"@type\":\"ListItem\",\"position\":1,\"name\":\"Home\",\"item\":\"https:\/\/ugicinsurance.com\/fr\/\"},{\"@type\":\"ListItem\",\"position\":2,\"name\":\"Rapport d\u2019accident automobile\"}]},{\"@type\":\"WebSite\",\"@id\":\"https:\/\/ugicinsurance.com\/fr\/#website\",\"url\":\"https:\/\/ugicinsurance.com\/fr\/\",\"name\":\"United General Insurance Corp.\",\"description\":\"Giving you peace of mind, close to home.\",\"publisher\":{\"@id\":\"https:\/\/ugicinsurance.com\/fr\/#organization\"},\"potentialAction\":[{\"@type\":\"SearchAction\",\"target\":{\"@type\":\"EntryPoint\",\"urlTemplate\":\"https:\/\/ugicinsurance.com\/fr\/?s={search_term_string}\"},\"query-input\":{\"@type\":\"PropertyValueSpecification\",\"valueRequired\":true,\"valueName\":\"search_term_string\"}}],\"inLanguage\":\"fr-FR\"},{\"@type\":\"Organization\",\"@id\":\"https:\/\/ugicinsurance.com\/fr\/#organization\",\"name\":\"United General Insurance Corporation\",\"url\":\"https:\/\/ugicinsurance.com\/fr\/\",\"logo\":{\"@type\":\"ImageObject\",\"inLanguage\":\"fr-FR\",\"@id\":\"https:\/\/ugicinsurance.com\/fr\/#\/schema\/logo\/image\/\",\"url\":\"https:\/\/ugicinsurance.com\/wp-content\/uploads\/2020\/01\/UGIC_logo_300_res.png\",\"contentUrl\":\"https:\/\/ugicinsurance.com\/wp-content\/uploads\/2020\/01\/UGIC_logo_300_res.png\",\"width\":501,\"height\":221,\"caption\":\"United General Insurance Corporation\"},\"image\":{\"@id\":\"https:\/\/ugicinsurance.com\/fr\/#\/schema\/logo\/image\/\"}}]}<\/script>\n<!-- \/ Yoast SEO plugin. -->","yoast_head_json":{"title":"Rapport d\u2019accident automobile - United General Insurance Corp.","robots":{"index":"index","follow":"follow","max-snippet":"max-snippet:-1","max-image-preview":"max-image-preview:large","max-video-preview":"max-video-preview:-1"},"canonical":"https:\/\/ugicinsurance.com\/fr\/rapport-daccident-automobile\/","og_locale":"fr_FR","og_type":"article","og_title":"Rapport d\u2019accident automobile - United General Insurance Corp.","og_url":"https:\/\/ugicinsurance.com\/fr\/rapport-daccident-automobile\/","og_site_name":"United General Insurance Corp.","article_modified_time":"2022-04-05T17:18:07+00:00","twitter_card":"summary_large_image","twitter_misc":{"Dur\u00e9e de lecture estim\u00e9e":"2 minutes"},"schema":{"@context":"https:\/\/schema.org","@graph":[{"@type":"WebPage","@id":"https:\/\/ugicinsurance.com\/fr\/rapport-daccident-automobile\/","url":"https:\/\/ugicinsurance.com\/fr\/rapport-daccident-automobile\/","name":"Rapport d\u2019accident automobile - United General Insurance Corp.","isPartOf":{"@id":"https:\/\/ugicinsurance.com\/fr\/#website"},"datePublished":"2022-02-17T17:57:08+00:00","dateModified":"2022-04-05T17:18:07+00:00","breadcrumb":{"@id":"https:\/\/ugicinsurance.com\/fr\/rapport-daccident-automobile\/#breadcrumb"},"inLanguage":"fr-FR","potentialAction":[{"@type":"ReadAction","target":["https:\/\/ugicinsurance.com\/fr\/rapport-daccident-automobile\/"]}]},{"@type":"BreadcrumbList","@id":"https:\/\/ugicinsurance.com\/fr\/rapport-daccident-automobile\/#breadcrumb","itemListElement":[{"@type":"ListItem","position":1,"name":"Home","item":"https:\/\/ugicinsurance.com\/fr\/"},{"@type":"ListItem","position":2,"name":"Rapport d\u2019accident automobile"}]},{"@type":"WebSite","@id":"https:\/\/ugicinsurance.com\/fr\/#website","url":"https:\/\/ugicinsurance.com\/fr\/","name":"United General Insurance Corp.","description":"Giving you peace of mind, close to home.","publisher":{"@id":"https:\/\/ugicinsurance.com\/fr\/#organization"},"potentialAction":[{"@type":"SearchAction","target":{"@type":"EntryPoint","urlTemplate":"https:\/\/ugicinsurance.com\/fr\/?s={search_term_string}"},"query-input":{"@type":"PropertyValueSpecification","valueRequired":true,"valueName":"search_term_string"}}],"inLanguage":"fr-FR"},{"@type":"Organization","@id":"https:\/\/ugicinsurance.com\/fr\/#organization","name":"United General Insurance Corporation","url":"https:\/\/ugicinsurance.com\/fr\/","logo":{"@type":"ImageObject","inLanguage":"fr-FR","@id":"https:\/\/ugicinsurance.com\/fr\/#\/schema\/logo\/image\/","url":"https:\/\/ugicinsurance.com\/wp-content\/uploads\/2020\/01\/UGIC_logo_300_res.png","contentUrl":"https:\/\/ugicinsurance.com\/wp-content\/uploads\/2020\/01\/UGIC_logo_300_res.png","width":501,"height":221,"caption":"United General Insurance Corporation"},"image":{"@id":"https:\/\/ugicinsurance.com\/fr\/#\/schema\/logo\/image\/"}}]}},"_links":{"self":[{"href":"https:\/\/ugicinsurance.com\/fr\/wp-json\/wp\/v2\/pages\/2188","targetHints":{"allow":["GET"]}}],"collection":[{"href":"https:\/\/ugicinsurance.com\/fr\/wp-json\/wp\/v2\/pages"}],"about":[{"href":"https:\/\/ugicinsurance.com\/fr\/wp-json\/wp\/v2\/types\/page"}],"author":[{"embeddable":true,"href":"https:\/\/ugicinsurance.com\/fr\/wp-json\/wp\/v2\/users\/8"}],"replies":[{"embeddable":true,"href":"https:\/\/ugicinsurance.com\/fr\/wp-json\/wp\/v2\/comments?post=2188"}],"version-history":[{"count":4,"href":"https:\/\/ugicinsurance.com\/fr\/wp-json\/wp\/v2\/pages\/2188\/revisions"}],"predecessor-version":[{"id":2202,"href":"https:\/\/ugicinsurance.com\/fr\/wp-json\/wp\/v2\/pages\/2188\/revisions\/2202"}],"wp:attachment":[{"href":"https:\/\/ugicinsurance.com\/fr\/wp-json\/wp\/v2\/media?parent=2188"}],"curies":[{"name":"wp","href":"https:\/\/api.w.org\/{rel}","templated":true}]}}