{"id":2165,"date":"2022-02-18T10:28:37","date_gmt":"2022-02-18T14:28:37","guid":{"rendered":"https:\/\/ugicinsurance.com\/nos-partenaires-des-maritimes\/"},"modified":"2026-02-04T10:23:58","modified_gmt":"2026-02-04T14:23:58","slug":"nos-partenaires-des-maritimes","status":"publish","type":"page","link":"https:\/\/ugicinsurance.com\/fr\/nos-partenaires-des-maritimes\/","title":{"rendered":"Nos Partenaires des maritimes"},"content":{"rendered":"\n<style type=\"text\/css\" data-created_by=\"avia_inline_auto\" id=\"style-css-av-c5z58q-c22795eeb06511dbdef396f63a8a0f3f\">\n.flex_column.av-c5z58q-c22795eeb06511dbdef396f63a8a0f3f{\nborder-radius:0px 0px 0px 0px;\npadding:0px 0px 0px 0px;\n}\n<\/style>\n<div  class='flex_column av-c5z58q-c22795eeb06511dbdef396f63a8a0f3f av_one_full  avia-builder-el-0  el_before_av_layout_row  avia-builder-el-no-sibling  first flex_column_div av-zero-column-padding  '     ><section  class='av_textblock_section av-bfdpne-8fb30ca23bd5b3595467534eae101486 '   itemscope=\"itemscope\" itemtype=\"https:\/\/schema.org\/CreativeWork\" ><div class='avia_textblock'  itemprop=\"text\" ><p>Communiquez avec l\u2019un de nos nombreux repr\u00e9sentants de confiance situ\u00e9s partout au Nouveau-Brunswick et en Nouvelle-\u00c9cosse!<\/p>\n<\/div><\/section><\/div>\n<\/div><\/div><\/div><!-- close content main div --><\/div><\/div><div id='av-layout-grid-1'  class='av-layout-grid-container av-kzskgqxd-62d9e15f3d1118e43112195339066904 entry-content-wrapper main_color av-flex-cells  avia-builder-el-2  el_after_av_one_full  el_before_av_layout_row  partners grid-row-not-first  container_wrap fullsize'  >\n<div class='flex_cell av-8vrbd6-08c3099a5ced50e26d3cd6ae1ebb60dc av-gridrow-cell av_one_third no_margin  avia-builder-el-3  el_before_av_cell_one_third  avia-builder-el-first '  ><div class='flex_cell_inner'>\n<style type=\"text\/css\" data-created_by=\"avia_inline_auto\" id=\"style-css-av-kzskaomw-0e227715489785117bc3a3ec4bc40915\">\n.avia-image-container.av-kzskaomw-0e227715489785117bc3a3ec4bc40915 img.avia_image{\nbox-shadow:none;\n}\n.avia-image-container.av-kzskaomw-0e227715489785117bc3a3ec4bc40915 .av-image-caption-overlay-center{\ncolor:#ffffff;\n}\n<\/style>\n<div  class='avia-image-container av-kzskaomw-0e227715489785117bc3a3ec4bc40915 av-styling- av-img-linked avia-align-right  avia-builder-el-4  avia-builder-el-no-sibling '   itemprop=\"image\" itemscope=\"itemscope\" itemtype=\"https:\/\/schema.org\/ImageObject\" ><div class=\"avia-image-container-inner\"><div class=\"avia-image-overlay-wrap\"><a href=\"https:\/\/www.easterninsurance.ca\/coverage\/car-insurance\/\" class='avia_image '  target=\"_blank\"  rel=\"noopener noreferrer\" aria-label='ei4'><img decoding=\"async\" fetchpriority=\"high\" class='wp-image-4317 avia-img-lazy-loading-not-4317 avia_image ' src=\"https:\/\/ugicinsurance.com\/wp-content\/uploads\/2025\/07\/ei4.png\" alt='' title='ei4'  height=\"250\" width=\"350\"  itemprop=\"thumbnailUrl\" srcset=\"https:\/\/ugicinsurance.com\/wp-content\/uploads\/2025\/07\/ei4.png 350w, https:\/\/ugicinsurance.com\/wp-content\/uploads\/2025\/07\/ei4-300x214.png 300w, https:\/\/ugicinsurance.com\/wp-content\/uploads\/2025\/07\/ei4-260x185.png 260w\" sizes=\"(max-width: 350px) 100vw, 350px\" \/><\/a><\/div><\/div><\/div>\n<\/div><\/div><div class='flex_cell av-6sc4ga-80768bb15abe8a565e91994998abfa22 av-gridrow-cell av_one_third no_margin  avia-builder-el-5  el_after_av_cell_one_third  el_before_av_cell_one_third '  ><div class='flex_cell_inner'>\n<style type=\"text\/css\" data-created_by=\"avia_inline_auto\" id=\"style-css-av-kzskbcsk-8411b0c74d4751ab7e3154e7d56cc148\">\n.avia-image-container.av-kzskbcsk-8411b0c74d4751ab7e3154e7d56cc148 img.avia_image{\nbox-shadow:none;\n}\n.avia-image-container.av-kzskbcsk-8411b0c74d4751ab7e3154e7d56cc148 .av-image-caption-overlay-center{\ncolor:#ffffff;\n}\n<\/style>\n<div  class='avia-image-container av-kzskbcsk-8411b0c74d4751ab7e3154e7d56cc148 av-styling- av-img-linked avia-align-center  avia-builder-el-6  avia-builder-el-no-sibling '   itemprop=\"image\" itemscope=\"itemscope\" itemtype=\"https:\/\/schema.org\/ImageObject\" ><div class=\"avia-image-container-inner\"><div class=\"avia-image-overlay-wrap\"><a href=\"https:\/\/www.stanleyelliot.ca\/about-us\/meet-the-team\/\" class='avia_image '  target=\"_blank\"  rel=\"noopener noreferrer\" aria-label='2Stanley Elliot Logo Slogan 2025-01'><img decoding=\"async\" fetchpriority=\"high\" class='wp-image-4892 avia-img-lazy-loading-not-4892 avia_image ' src=\"https:\/\/ugicinsurance.com\/wp-content\/uploads\/2026\/02\/2Stanley-Elliot-Logo-Slogan-2025-01-300x229.png\" alt='' title='2Stanley Elliot Logo Slogan 2025-01'  height=\"229\" width=\"300\"  itemprop=\"thumbnailUrl\" srcset=\"https:\/\/ugicinsurance.com\/wp-content\/uploads\/2026\/02\/2Stanley-Elliot-Logo-Slogan-2025-01-300x229.png 300w, https:\/\/ugicinsurance.com\/wp-content\/uploads\/2026\/02\/2Stanley-Elliot-Logo-Slogan-2025-01-1030x785.png 1030w, https:\/\/ugicinsurance.com\/wp-content\/uploads\/2026\/02\/2Stanley-Elliot-Logo-Slogan-2025-01-768x585.png 768w, https:\/\/ugicinsurance.com\/wp-content\/uploads\/2026\/02\/2Stanley-Elliot-Logo-Slogan-2025-01-705x537.png 705w, https:\/\/ugicinsurance.com\/wp-content\/uploads\/2026\/02\/2Stanley-Elliot-Logo-Slogan-2025-01-450x343.png 450w, https:\/\/ugicinsurance.com\/wp-content\/uploads\/2026\/02\/2Stanley-Elliot-Logo-Slogan-2025-01-600x457.png 600w, https:\/\/ugicinsurance.com\/wp-content\/uploads\/2026\/02\/2Stanley-Elliot-Logo-Slogan-2025-01.png 1279w\" sizes=\"(max-width: 300px) 100vw, 300px\" \/><\/a><\/div><\/div><\/div>\n<\/div><\/div><div class='flex_cell av-mh5l6-20354f69198fc97e63ff10c59b7575a5 av-gridrow-cell av_one_third no_margin  avia-builder-el-7  el_after_av_cell_one_third  avia-builder-el-last '  ><div class='flex_cell_inner'>\n<style type=\"text\/css\" data-created_by=\"avia_inline_auto\" id=\"style-css-av-kzskb0d1-eda546edf449d04dfbf271d6e8f202de\">\n.avia-image-container.av-kzskb0d1-eda546edf449d04dfbf271d6e8f202de img.avia_image{\nbox-shadow:none;\n}\n.avia-image-container.av-kzskb0d1-eda546edf449d04dfbf271d6e8f202de .av-image-caption-overlay-center{\ncolor:#ffffff;\n}\n<\/style>\n<div  class='avia-image-container av-kzskb0d1-eda546edf449d04dfbf271d6e8f202de av-styling- av-img-linked avia-align-left  avia-builder-el-8  avia-builder-el-no-sibling '   itemprop=\"image\" itemscope=\"itemscope\" itemtype=\"https:\/\/schema.org\/ImageObject\" ><div class=\"avia-image-container-inner\"><div class=\"avia-image-overlay-wrap\"><a href=\"https:\/\/www.semutual.nb.ca\/fr\/produits\/assurance-automobile\/\" class='avia_image '  target=\"_blank\"  rel=\"noopener noreferrer\" aria-label='2025-03-06_10-33-36'><img decoding=\"async\" fetchpriority=\"high\" class='wp-image-3861 avia-img-lazy-loading-not-3861 avia_image ' src=\"https:\/\/ugicinsurance.com\/wp-content\/uploads\/2025\/03\/2025-03-06_10-33-36.jpg\" alt='' title='2025-03-06_10-33-36'  height=\"250\" width=\"350\"  itemprop=\"thumbnailUrl\" srcset=\"https:\/\/ugicinsurance.com\/wp-content\/uploads\/2025\/03\/2025-03-06_10-33-36.jpg 350w, https:\/\/ugicinsurance.com\/wp-content\/uploads\/2025\/03\/2025-03-06_10-33-36-300x214.jpg 300w, https:\/\/ugicinsurance.com\/wp-content\/uploads\/2025\/03\/2025-03-06_10-33-36-260x185.jpg 260w\" sizes=\"(max-width: 350px) 100vw, 350px\" \/><\/a><\/div><\/div><\/div>\n<\/div><\/div><\/div><div id='av-layout-grid-2'  class='av-layout-grid-container av-5vn7mi-04f8511a2548f4d37d1ac21d4ba808cc entry-content-wrapper main_color av-flex-cells  avia-builder-el-9  el_after_av_layout_row  avia-builder-el-last  grid-row-not-first  container_wrap fullsize'  >\n<div class='flex_cell av-4vkcd6-8ad7b0ca0dca5ec806be4fd53ad5799b av-gridrow-cell av_one_half no_margin  avia-builder-el-10  el_before_av_cell_one_half  avia-builder-el-first '  ><div class='flex_cell_inner'>\n<style type=\"text\/css\" data-created_by=\"avia_inline_auto\" id=\"style-css-av-kzskcfju-257ad4706704888fe8780062106503f8\">\n.avia-image-container.av-kzskcfju-257ad4706704888fe8780062106503f8 img.avia_image{\nbox-shadow:none;\n}\n.avia-image-container.av-kzskcfju-257ad4706704888fe8780062106503f8 .av-image-caption-overlay-center{\ncolor:#ffffff;\n}\n<\/style>\n<div  class='avia-image-container av-kzskcfju-257ad4706704888fe8780062106503f8 av-styling- av-img-linked avia-align-right  avia-builder-el-11  avia-builder-el-no-sibling '   itemprop=\"image\" itemscope=\"itemscope\" itemtype=\"https:\/\/schema.org\/ImageObject\" ><div class=\"avia-image-container-inner\"><div class=\"avia-image-overlay-wrap\"><a href=\"https:\/\/www.antigonishfarmersmutual.ca\/\" class='avia_image '  target=\"_blank\"  rel=\"noopener noreferrer\" aria-label='ant_mutual'><img decoding=\"async\" fetchpriority=\"high\" class='wp-image-2147 avia-img-lazy-loading-not-2147 avia_image ' src=\"https:\/\/ugicinsurance.com\/wp-content\/uploads\/2022\/02\/ant_mutual.jpg\" alt='' title='ant_mutual'  height=\"250\" width=\"350\"  itemprop=\"thumbnailUrl\" srcset=\"https:\/\/ugicinsurance.com\/wp-content\/uploads\/2022\/02\/ant_mutual.jpg 350w, https:\/\/ugicinsurance.com\/wp-content\/uploads\/2022\/02\/ant_mutual-300x214.jpg 300w, https:\/\/ugicinsurance.com\/wp-content\/uploads\/2022\/02\/ant_mutual-260x185.jpg 260w\" sizes=\"(max-width: 350px) 100vw, 350px\" \/><\/a><\/div><\/div><\/div>\n<\/div><\/div><div class='flex_cell av-2en962-74e1fc71a164e9a290aa0493d2274ae4 av-gridrow-cell av_one_half no_margin  avia-builder-el-12  el_after_av_cell_one_half  avia-builder-el-last '  ><div class='flex_cell_inner'>\n<style type=\"text\/css\" data-created_by=\"avia_inline_auto\" id=\"style-css-av-kzskcmm9-39898ed06a8bd39d44522a72bc79c386\">\n.avia-image-container.av-kzskcmm9-39898ed06a8bd39d44522a72bc79c386 img.avia_image{\nbox-shadow:none;\n}\n.avia-image-container.av-kzskcmm9-39898ed06a8bd39d44522a72bc79c386 .av-image-caption-overlay-center{\ncolor:#ffffff;\n}\n<\/style>\n<div  class='avia-image-container av-kzskcmm9-39898ed06a8bd39d44522a72bc79c386 av-styling- av-img-linked avia-align-left  avia-builder-el-13  avia-builder-el-no-sibling '   itemprop=\"image\" itemscope=\"itemscope\" itemtype=\"https:\/\/schema.org\/ImageObject\" ><div class=\"avia-image-container-inner\"><div class=\"avia-image-overlay-wrap\"><a href=\"https:\/\/www.claremutual.com\/\" class='avia_image '  target=\"_blank\"  rel=\"noopener noreferrer\" aria-label='clare_mutual'><img decoding=\"async\" fetchpriority=\"high\" class='wp-image-2144 avia-img-lazy-loading-not-2144 avia_image ' src=\"https:\/\/ugicinsurance.com\/wp-content\/uploads\/2022\/02\/clare_mutual.jpg\" alt='' title='clare_mutual'  height=\"250\" width=\"350\"  itemprop=\"thumbnailUrl\" srcset=\"https:\/\/ugicinsurance.com\/wp-content\/uploads\/2022\/02\/clare_mutual.jpg 350w, https:\/\/ugicinsurance.com\/wp-content\/uploads\/2022\/02\/clare_mutual-300x214.jpg 300w, https:\/\/ugicinsurance.com\/wp-content\/uploads\/2022\/02\/clare_mutual-260x185.jpg 260w\" sizes=\"(max-width: 350px) 100vw, 350px\" \/><\/a><\/div><\/div><\/div>\n<\/div><\/div>\n<\/div><\/p>\n","protected":false},"excerpt":{"rendered":"","protected":false},"author":8,"featured_media":0,"parent":0,"menu_order":0,"comment_status":"closed","ping_status":"closed","template":"","meta":{"footnotes":""},"class_list":["post-2165","page","type-page","status-publish","hentry"],"yoast_head":"<!-- This site is optimized with the Yoast SEO plugin v27.2 - https:\/\/yoast.com\/product\/yoast-seo-wordpress\/ -->\n<title>Nos Partenaires des maritimes - United General Insurance Corp.<\/title>\n<meta name=\"robots\" content=\"index, follow, max-snippet:-1, max-image-preview:large, max-video-preview:-1\" \/>\n<link rel=\"canonical\" href=\"https:\/\/ugicinsurance.com\/fr\/nos-partenaires-des-maritimes\/\" \/>\n<meta property=\"og:locale\" content=\"fr_FR\" \/>\n<meta property=\"og:type\" content=\"article\" \/>\n<meta property=\"og:title\" content=\"Nos Partenaires des maritimes - United General Insurance Corp.\" \/>\n<meta property=\"og:url\" content=\"https:\/\/ugicinsurance.com\/fr\/nos-partenaires-des-maritimes\/\" \/>\n<meta property=\"og:site_name\" content=\"United General Insurance Corp.\" \/>\n<meta property=\"article:modified_time\" content=\"2026-02-04T14:23:58+00:00\" \/>\n<meta name=\"twitter:card\" content=\"summary_large_image\" \/>\n<meta name=\"twitter:label1\" content=\"Dur\u00e9e de lecture estim\u00e9e\" \/>\n\t<meta name=\"twitter:data1\" content=\"2 minutes\" \/>\n<script type=\"application\/ld+json\" class=\"yoast-schema-graph\">{\"@context\":\"https:\/\/schema.org\",\"@graph\":[{\"@type\":\"WebPage\",\"@id\":\"https:\/\/ugicinsurance.com\/fr\/nos-partenaires-des-maritimes\/\",\"url\":\"https:\/\/ugicinsurance.com\/fr\/nos-partenaires-des-maritimes\/\",\"name\":\"Nos Partenaires des maritimes - United General Insurance Corp.\",\"isPartOf\":{\"@id\":\"https:\/\/ugicinsurance.com\/fr\/#website\"},\"datePublished\":\"2022-02-18T14:28:37+00:00\",\"dateModified\":\"2026-02-04T14:23:58+00:00\",\"breadcrumb\":{\"@id\":\"https:\/\/ugicinsurance.com\/fr\/nos-partenaires-des-maritimes\/#breadcrumb\"},\"inLanguage\":\"fr-FR\",\"potentialAction\":[{\"@type\":\"ReadAction\",\"target\":[\"https:\/\/ugicinsurance.com\/fr\/nos-partenaires-des-maritimes\/\"]}]},{\"@type\":\"BreadcrumbList\",\"@id\":\"https:\/\/ugicinsurance.com\/fr\/nos-partenaires-des-maritimes\/#breadcrumb\",\"itemListElement\":[{\"@type\":\"ListItem\",\"position\":1,\"name\":\"Home\",\"item\":\"https:\/\/ugicinsurance.com\/fr\/\"},{\"@type\":\"ListItem\",\"position\":2,\"name\":\"Nos Partenaires des maritimes\"}]},{\"@type\":\"WebSite\",\"@id\":\"https:\/\/ugicinsurance.com\/fr\/#website\",\"url\":\"https:\/\/ugicinsurance.com\/fr\/\",\"name\":\"United General Insurance Corp.\",\"description\":\"Giving you peace of mind, close to home.\",\"publisher\":{\"@id\":\"https:\/\/ugicinsurance.com\/fr\/#organization\"},\"potentialAction\":[{\"@type\":\"SearchAction\",\"target\":{\"@type\":\"EntryPoint\",\"urlTemplate\":\"https:\/\/ugicinsurance.com\/fr\/?s={search_term_string}\"},\"query-input\":{\"@type\":\"PropertyValueSpecification\",\"valueRequired\":true,\"valueName\":\"search_term_string\"}}],\"inLanguage\":\"fr-FR\"},{\"@type\":\"Organization\",\"@id\":\"https:\/\/ugicinsurance.com\/fr\/#organization\",\"name\":\"United General Insurance Corporation\",\"url\":\"https:\/\/ugicinsurance.com\/fr\/\",\"logo\":{\"@type\":\"ImageObject\",\"inLanguage\":\"fr-FR\",\"@id\":\"https:\/\/ugicinsurance.com\/fr\/#\/schema\/logo\/image\/\",\"url\":\"https:\/\/ugicinsurance.com\/wp-content\/uploads\/2020\/01\/UGIC_logo_300_res.png\",\"contentUrl\":\"https:\/\/ugicinsurance.com\/wp-content\/uploads\/2020\/01\/UGIC_logo_300_res.png\",\"width\":501,\"height\":221,\"caption\":\"United General Insurance Corporation\"},\"image\":{\"@id\":\"https:\/\/ugicinsurance.com\/fr\/#\/schema\/logo\/image\/\"}}]}<\/script>\n<!-- \/ Yoast SEO plugin. -->","yoast_head_json":{"title":"Nos Partenaires des maritimes - United General Insurance Corp.","robots":{"index":"index","follow":"follow","max-snippet":"max-snippet:-1","max-image-preview":"max-image-preview:large","max-video-preview":"max-video-preview:-1"},"canonical":"https:\/\/ugicinsurance.com\/fr\/nos-partenaires-des-maritimes\/","og_locale":"fr_FR","og_type":"article","og_title":"Nos Partenaires des maritimes - United General Insurance Corp.","og_url":"https:\/\/ugicinsurance.com\/fr\/nos-partenaires-des-maritimes\/","og_site_name":"United General Insurance Corp.","article_modified_time":"2026-02-04T14:23:58+00:00","twitter_card":"summary_large_image","twitter_misc":{"Dur\u00e9e de lecture estim\u00e9e":"2 minutes"},"schema":{"@context":"https:\/\/schema.org","@graph":[{"@type":"WebPage","@id":"https:\/\/ugicinsurance.com\/fr\/nos-partenaires-des-maritimes\/","url":"https:\/\/ugicinsurance.com\/fr\/nos-partenaires-des-maritimes\/","name":"Nos Partenaires des maritimes - United General Insurance Corp.","isPartOf":{"@id":"https:\/\/ugicinsurance.com\/fr\/#website"},"datePublished":"2022-02-18T14:28:37+00:00","dateModified":"2026-02-04T14:23:58+00:00","breadcrumb":{"@id":"https:\/\/ugicinsurance.com\/fr\/nos-partenaires-des-maritimes\/#breadcrumb"},"inLanguage":"fr-FR","potentialAction":[{"@type":"ReadAction","target":["https:\/\/ugicinsurance.com\/fr\/nos-partenaires-des-maritimes\/"]}]},{"@type":"BreadcrumbList","@id":"https:\/\/ugicinsurance.com\/fr\/nos-partenaires-des-maritimes\/#breadcrumb","itemListElement":[{"@type":"ListItem","position":1,"name":"Home","item":"https:\/\/ugicinsurance.com\/fr\/"},{"@type":"ListItem","position":2,"name":"Nos Partenaires des maritimes"}]},{"@type":"WebSite","@id":"https:\/\/ugicinsurance.com\/fr\/#website","url":"https:\/\/ugicinsurance.com\/fr\/","name":"United General Insurance Corp.","description":"Giving you peace of mind, close to home.","publisher":{"@id":"https:\/\/ugicinsurance.com\/fr\/#organization"},"potentialAction":[{"@type":"SearchAction","target":{"@type":"EntryPoint","urlTemplate":"https:\/\/ugicinsurance.com\/fr\/?s={search_term_string}"},"query-input":{"@type":"PropertyValueSpecification","valueRequired":true,"valueName":"search_term_string"}}],"inLanguage":"fr-FR"},{"@type":"Organization","@id":"https:\/\/ugicinsurance.com\/fr\/#organization","name":"United General Insurance Corporation","url":"https:\/\/ugicinsurance.com\/fr\/","logo":{"@type":"ImageObject","inLanguage":"fr-FR","@id":"https:\/\/ugicinsurance.com\/fr\/#\/schema\/logo\/image\/","url":"https:\/\/ugicinsurance.com\/wp-content\/uploads\/2020\/01\/UGIC_logo_300_res.png","contentUrl":"https:\/\/ugicinsurance.com\/wp-content\/uploads\/2020\/01\/UGIC_logo_300_res.png","width":501,"height":221,"caption":"United General Insurance Corporation"},"image":{"@id":"https:\/\/ugicinsurance.com\/fr\/#\/schema\/logo\/image\/"}}]}},"_links":{"self":[{"href":"https:\/\/ugicinsurance.com\/fr\/wp-json\/wp\/v2\/pages\/2165","targetHints":{"allow":["GET"]}}],"collection":[{"href":"https:\/\/ugicinsurance.com\/fr\/wp-json\/wp\/v2\/pages"}],"about":[{"href":"https:\/\/ugicinsurance.com\/fr\/wp-json\/wp\/v2\/types\/page"}],"author":[{"embeddable":true,"href":"https:\/\/ugicinsurance.com\/fr\/wp-json\/wp\/v2\/users\/8"}],"replies":[{"embeddable":true,"href":"https:\/\/ugicinsurance.com\/fr\/wp-json\/wp\/v2\/comments?post=2165"}],"version-history":[{"count":13,"href":"https:\/\/ugicinsurance.com\/fr\/wp-json\/wp\/v2\/pages\/2165\/revisions"}],"predecessor-version":[{"id":4900,"href":"https:\/\/ugicinsurance.com\/fr\/wp-json\/wp\/v2\/pages\/2165\/revisions\/4900"}],"wp:attachment":[{"href":"https:\/\/ugicinsurance.com\/fr\/wp-json\/wp\/v2\/media?parent=2165"}],"curies":[{"name":"wp","href":"https:\/\/api.w.org\/{rel}","templated":true}]}}