{"id":1285,"date":"2015-07-16T09:12:51","date_gmt":"2015-07-16T12:12:51","guid":{"rendered":"https:\/\/ugicinsurance.com\/?page_id=1285"},"modified":"2025-04-07T12:52:16","modified_gmt":"2025-04-07T15:52:16","slug":"nous-joindre","status":"publish","type":"page","link":"https:\/\/ugicinsurance.com\/fr\/nous-joindre\/","title":{"rendered":"Nous contacter"},"content":{"rendered":"<div  class='av_gmaps_sc_main_wrap av_gmaps_main_wrap '><div id='av_gmap_0' class='avia-google-map-container avia-google-map-sc av_gmaps_show_unconditionally ' data-mapid='av_gmap_0'  style='height: 400px; background-image:url(https:\/\/ugicinsurance.com\/wp-content\/uploads\/2020\/04\/ugic-map-1.png);'><a class=\"av_gmaps_browser_disabled av_text_confirm_link av_text_confirm_link_visible\" href=\"https:\/\/www.google.com\/maps\/search\/?api=1&#038;query=1133%20Regent%20St%20E3B%203Z2%20Fredericton%20New%20Brunswick%20Canada\" target=\"_blank\">Les cartes ont \u00e9t\u00e9 d\u00e9sactiv\u00e9es par le visiteur sur ce site. Cliquer pour ouvrir la carte dans une nouvelle fen\u00eatre.<\/a><\/div><\/div>\n<div id='av_section_1'  class='avia-section av-145nae-e484183ac2512e581c4d3ad1f4531c95 main_color avia-section-huge avia-no-shadow  avia-builder-el-1  el_after_av_google_map  avia-builder-el-last  avia-bg-style-scroll container_wrap fullsize'  ><div class='container av-section-cont-open' ><div class='template-page content  av-content-full alpha units'><div class='post-entry post-entry-type-page post-entry-1285'><div class='entry-content-wrapper clearfix'>\n\n<style type=\"text\/css\" data-created_by=\"avia_inline_auto\" id=\"style-css-av-1kbp16-3421f18de359c4df72201708db8118ca\">\n.flex_column.av-1kbp16-3421f18de359c4df72201708db8118ca{\nborder-radius:0px 0px 0px 0px;\npadding:0px 0px 0px 0px;\n}\n<\/style>\n<div  class='flex_column av-1kbp16-3421f18de359c4df72201708db8118ca av_one_half  avia-builder-el-2  el_before_av_one_half  avia-builder-el-first  first flex_column_div av-animated-generic bottom-to-top av-zero-column-padding  '     ><p>\n<style type=\"text\/css\" data-created_by=\"avia_inline_auto\" id=\"style-css-av-av_heading-50f4727ed275b0fa2e1b9d5b91e53ff9\">\n#top .av-special-heading.av-av_heading-50f4727ed275b0fa2e1b9d5b91e53ff9{\npadding-bottom:10px;\nfont-size:50px;\n}\nbody .av-special-heading.av-av_heading-50f4727ed275b0fa2e1b9d5b91e53ff9 .av-special-heading-tag .heading-char{\nfont-size:25px;\n}\n#top #wrap_all .av-special-heading.av-av_heading-50f4727ed275b0fa2e1b9d5b91e53ff9 .av-special-heading-tag{\nfont-size:50px;\n}\n.av-special-heading.av-av_heading-50f4727ed275b0fa2e1b9d5b91e53ff9 .av-subheading{\nfont-size:15px;\n}\n\n@media only screen and (min-width: 480px) and (max-width: 767px){ \n#top #wrap_all .av-special-heading.av-av_heading-50f4727ed275b0fa2e1b9d5b91e53ff9 .av-special-heading-tag{\nfont-size:0.8em;\n}\n}\n\n@media only screen and (max-width: 479px){ \n#top #wrap_all .av-special-heading.av-av_heading-50f4727ed275b0fa2e1b9d5b91e53ff9 .av-special-heading-tag{\nfont-size:0.8em;\n}\n}\n<\/style>\n<div  class='av-special-heading av-av_heading-50f4727ed275b0fa2e1b9d5b91e53ff9 av-special-heading-h4 blockquote modern-quote  avia-builder-el-3  el_before_av_contact  avia-builder-el-first  av-inherit-size av-linked-heading'><h4 class='av-special-heading-tag '  itemprop=\"headline\"  >Nous \u00e9crire <\/h4><div class=\"special-heading-border\"><div class=\"special-heading-inner-border\"><\/div><\/div><\/div><br \/>\n<form action=\"https:\/\/ugicinsurance.com\/fr\/nous-joindre\/\" method=\"post\" data-fields-with-error=\"Erreurs trouv\u00e9es dans les champs suivants :\" class=\"avia_ajax_form av-form-labels-hidden   avia-builder-el-4  el_after_av_heading  avia-builder-el-last   \" data-avia-form-id=\"1\" data-avia-redirect='' ><fieldset><p class='  first_form  form_element form_element_half' id='element_avia_1_1'><label for=\"avia_1_1\">Nom <abbr class=\"required\" title=\"requis(e)\">*<\/abbr><\/label> <input name=\"avia_1_1\" class=\"text_input is_empty\" type=\"text\" id=\"avia_1_1\" value=\"\"  placeholder='Nom*'\/><\/p><p class='  form_element form_element_half' id='element_avia_2_1'><label for=\"avia_2_1\">Courriel <abbr class=\"required\" title=\"requis(e)\">*<\/abbr><\/label> <input name=\"avia_2_1\" class=\"text_input is_email\" type=\"text\" id=\"avia_2_1\" value=\"\"  placeholder='Courriel*'\/><\/p><p class='  first_form  form_element form_element_half' id='element_avia_3_1'><label for=\"avia_3_1\">T\u00e9l\u00e9phone<\/label> <input name=\"avia_3_1\" class=\"text_input \" type=\"text\" id=\"avia_3_1\" value=\"\"  placeholder='T\u00e9l\u00e9phone'\/><\/p><p class='  form_element form_element_half' id='element_avia_4_1'><label for=\"avia_4_1\">Ville<\/label> <input name=\"avia_4_1\" class=\"text_input \" type=\"text\" id=\"avia_4_1\" value=\"\"  placeholder='Ville'\/><\/p><p class='  first_form  form_element form_fullwidth av-last-visible-form-element' id='element_avia_5_1'><label for=\"avia_5_1\" class=\"textare_label hidden textare_label_avia_5_1\">Message <abbr class=\"required\" title=\"requis(e)\">*<\/abbr><\/label><textarea  placeholder='Message*' name=\"avia_5_1\" class=\"text_area is_empty\" cols=\"40\" rows=\"7\" id=\"avia_5_1\" ><\/textarea><\/p><p class=\"hidden\"><input type=\"text\" name=\"avia_6_1\" class=\"hidden \" id=\"avia_6_1\" value=\"\" \/><\/p><p class=\"form_element \"><input type=\"hidden\" value=\"1\" name=\"avia_generated_form1\" \/><input type=\"submit\" value=\"Soumettre\" class=\"button\"  data-sending-label=\"Envoi\"\/><\/p><\/fieldset><\/form><div id=\"ajaxresponse_1\" class=\"ajaxresponse ajaxresponse_1 hidden\"><\/div><\/p><\/div>\n<style type=\"text\/css\" data-created_by=\"avia_inline_auto\" id=\"style-css-av-1kbp16-5c5fec3f50eefb98123f4ad18a2de1bd\">\n.flex_column.av-1kbp16-5c5fec3f50eefb98123f4ad18a2de1bd{\nborder-radius:0px 0px 0px 0px;\npadding:0px 0px 0px 0px;\n}\n<\/style>\n<div  class='flex_column av-1kbp16-5c5fec3f50eefb98123f4ad18a2de1bd av_one_half  avia-builder-el-5  el_after_av_one_half  avia-builder-el-last  flex_column_div av-animated-generic bottom-to-top av-zero-column-padding  '     ><p>\n<style type=\"text\/css\" data-created_by=\"avia_inline_auto\" id=\"style-css-av-av_heading-b43f796f37b0725d7fe5dda4e3f91eb0\">\n#top .av-special-heading.av-av_heading-b43f796f37b0725d7fe5dda4e3f91eb0{\npadding-bottom:10px;\nfont-size:50px;\n}\nbody .av-special-heading.av-av_heading-b43f796f37b0725d7fe5dda4e3f91eb0 .av-special-heading-tag .heading-char{\nfont-size:25px;\n}\n#top #wrap_all .av-special-heading.av-av_heading-b43f796f37b0725d7fe5dda4e3f91eb0 .av-special-heading-tag{\nfont-size:50px;\n}\n.av-special-heading.av-av_heading-b43f796f37b0725d7fe5dda4e3f91eb0 .av-subheading{\nfont-size:15px;\n}\n\n@media only screen and (min-width: 480px) and (max-width: 767px){ \n#top #wrap_all .av-special-heading.av-av_heading-b43f796f37b0725d7fe5dda4e3f91eb0 .av-special-heading-tag{\nfont-size:0.8em;\n}\n}\n\n@media only screen and (max-width: 479px){ \n#top #wrap_all .av-special-heading.av-av_heading-b43f796f37b0725d7fe5dda4e3f91eb0 .av-special-heading-tag{\nfont-size:0.8em;\n}\n}\n<\/style>\n<div  class='av-special-heading av-av_heading-b43f796f37b0725d7fe5dda4e3f91eb0 av-special-heading-h4 blockquote modern-quote  avia-builder-el-6  el_before_av_textblock  avia-builder-el-first  av-inherit-size av-linked-heading'><h4 class='av-special-heading-tag '  itemprop=\"headline\"  >Nos bureaux<\/h4><div class=\"special-heading-border\"><div class=\"special-heading-inner-border\"><\/div><\/div><\/div><br \/>\n<section  class='av_textblock_section av-31jcro-a1938f290f3de043543f20c71c7c7dbc '   itemscope=\"itemscope\" itemtype=\"https:\/\/schema.org\/CreativeWork\" ><div class='avia_textblock'  itemprop=\"text\" ><p>1133 Regent St, Ste 302<br \/>\nFredericton, Nouveau-Brunswick<br \/>\nE3B 3Z2<\/p>\n<p><a href=\"mailto:united.general@ugic.nb.ca\"><strong>united.general@ugic.nb.ca<\/strong><\/a><\/p>\n<p>T: <a href=\"tel:1506-460-8820\">506-460-8820<\/a><br \/>\nF: 506-453-0882<\/p>\n<\/div><\/section><br \/>\n\n<style type=\"text\/css\" data-created_by=\"avia_inline_auto\" id=\"style-css-av-l1m6gosg-cbdb12d586273cd9c81c3178b4a21975\">\n#top #wrap_all .avia-icon-list-container.av-l1m6gosg-cbdb12d586273cd9c81c3178b4a21975 .av_iconlist_title{\nfont-size:50px;\n}\n<\/style>\n<div  class='avia-icon-list-container av-l1m6gosg-cbdb12d586273cd9c81c3178b4a21975  avia-builder-el-8  el_after_av_textblock  el_before_av_textblock '><ul class='avia-icon-list avia_animate_when_almost_visible avia-icon-list-left av-iconlist-big av-l1m6gosg-cbdb12d586273cd9c81c3178b4a21975 avia-iconlist-animate'>\n<li><div class='iconlist_icon av-av_iconlist_item-c467247b59990b52772f777588bee522 avia-font-entypo-fontello avia-iconfont avia-font-entypo-fontello'><span class='av-icon-char' data-av_icon='\ue862' data-av_iconfont='entypo-fontello' aria-hidden=\"true\"><\/span><\/div><article class=\"article-icon-entry av-iconlist-empty\"  itemscope=\"itemscope\" itemtype=\"https:\/\/schema.org\/CreativeWork\" ><div class=\"iconlist_content_wrap\"><header class=\"entry-content-header\" aria-label=\"Ic\u00f4ne : Heures d\u2019ouverture\"><h4 class='av_iconlist_title iconlist_title hours '  itemprop=\"headline\" >Heures d\u2019ouverture<\/h4><\/header><div class='iconlist_content '  itemprop=\"text\" ><\/div><\/div><footer class=\"entry-footer\"><\/footer><\/article><div class=\"iconlist-timeline\"><\/div><\/li>\n<\/ul><\/div><br \/>\n<section  class='av_textblock_section av-l1m6hrzp-b881621a1860b83a9dbd8b033d547569 '   itemscope=\"itemscope\" itemtype=\"https:\/\/schema.org\/CreativeWork\" ><div class='avia_textblock'  itemprop=\"text\" ><p><strong>Lundi au vendredi\u00a0 <\/strong>8h30 \u00e0 16h30<\/p>\n<\/div><\/section><\/p><\/div>\n","protected":false},"excerpt":{"rendered":"","protected":false},"author":1,"featured_media":0,"parent":0,"menu_order":0,"comment_status":"open","ping_status":"closed","template":"","meta":{"footnotes":""},"class_list":["post-1285","page","type-page","status-publish","hentry"],"yoast_head":"<!-- This site is optimized with the Yoast SEO plugin v27.2 - https:\/\/yoast.com\/product\/yoast-seo-wordpress\/ -->\n<title>Nous contacter - United General Insurance Corp.<\/title>\n<meta name=\"description\" content=\"Nous contacter\" \/>\n<meta name=\"robots\" content=\"index, follow, max-snippet:-1, max-image-preview:large, max-video-preview:-1\" \/>\n<link rel=\"canonical\" href=\"https:\/\/ugicinsurance.com\/fr\/nous-joindre\/\" \/>\n<meta property=\"og:locale\" content=\"fr_FR\" \/>\n<meta property=\"og:type\" content=\"article\" \/>\n<meta property=\"og:title\" content=\"Nous contacter - United General Insurance Corp.\" \/>\n<meta property=\"og:description\" content=\"Nous contacter\" \/>\n<meta property=\"og:url\" content=\"https:\/\/ugicinsurance.com\/fr\/nous-joindre\/\" \/>\n<meta property=\"og:site_name\" content=\"United General Insurance Corp.\" \/>\n<meta property=\"article:modified_time\" content=\"2025-04-07T15:52:16+00:00\" \/>\n<meta name=\"twitter:card\" content=\"summary_large_image\" \/>\n<meta name=\"twitter:label1\" content=\"Dur\u00e9e de lecture estim\u00e9e\" \/>\n\t<meta name=\"twitter:data1\" content=\"2 minutes\" \/>\n<script type=\"application\/ld+json\" class=\"yoast-schema-graph\">{\"@context\":\"https:\/\/schema.org\",\"@graph\":[{\"@type\":\"WebPage\",\"@id\":\"https:\/\/ugicinsurance.com\/fr\/nous-joindre\/\",\"url\":\"https:\/\/ugicinsurance.com\/fr\/nous-joindre\/\",\"name\":\"Nous contacter - United General Insurance Corp.\",\"isPartOf\":{\"@id\":\"https:\/\/ugicinsurance.com\/fr\/#website\"},\"datePublished\":\"2015-07-16T12:12:51+00:00\",\"dateModified\":\"2025-04-07T15:52:16+00:00\",\"description\":\"Nous contacter\",\"breadcrumb\":{\"@id\":\"https:\/\/ugicinsurance.com\/fr\/nous-joindre\/#breadcrumb\"},\"inLanguage\":\"fr-FR\",\"potentialAction\":[{\"@type\":\"ReadAction\",\"target\":[\"https:\/\/ugicinsurance.com\/fr\/nous-joindre\/\"]}]},{\"@type\":\"BreadcrumbList\",\"@id\":\"https:\/\/ugicinsurance.com\/fr\/nous-joindre\/#breadcrumb\",\"itemListElement\":[{\"@type\":\"ListItem\",\"position\":1,\"name\":\"Home\",\"item\":\"https:\/\/ugicinsurance.com\/fr\/\"},{\"@type\":\"ListItem\",\"position\":2,\"name\":\"Nous contacter\"}]},{\"@type\":\"WebSite\",\"@id\":\"https:\/\/ugicinsurance.com\/fr\/#website\",\"url\":\"https:\/\/ugicinsurance.com\/fr\/\",\"name\":\"United General Insurance Corp.\",\"description\":\"Giving you peace of mind, close to home.\",\"publisher\":{\"@id\":\"https:\/\/ugicinsurance.com\/fr\/#organization\"},\"potentialAction\":[{\"@type\":\"SearchAction\",\"target\":{\"@type\":\"EntryPoint\",\"urlTemplate\":\"https:\/\/ugicinsurance.com\/fr\/?s={search_term_string}\"},\"query-input\":{\"@type\":\"PropertyValueSpecification\",\"valueRequired\":true,\"valueName\":\"search_term_string\"}}],\"inLanguage\":\"fr-FR\"},{\"@type\":\"Organization\",\"@id\":\"https:\/\/ugicinsurance.com\/fr\/#organization\",\"name\":\"United General Insurance Corporation\",\"url\":\"https:\/\/ugicinsurance.com\/fr\/\",\"logo\":{\"@type\":\"ImageObject\",\"inLanguage\":\"fr-FR\",\"@id\":\"https:\/\/ugicinsurance.com\/fr\/#\/schema\/logo\/image\/\",\"url\":\"https:\/\/ugicinsurance.com\/wp-content\/uploads\/2020\/01\/UGIC_logo_300_res.png\",\"contentUrl\":\"https:\/\/ugicinsurance.com\/wp-content\/uploads\/2020\/01\/UGIC_logo_300_res.png\",\"width\":501,\"height\":221,\"caption\":\"United General Insurance Corporation\"},\"image\":{\"@id\":\"https:\/\/ugicinsurance.com\/fr\/#\/schema\/logo\/image\/\"}}]}<\/script>\n<!-- \/ Yoast SEO plugin. -->","yoast_head_json":{"title":"Nous contacter - United General Insurance Corp.","description":"Nous contacter","robots":{"index":"index","follow":"follow","max-snippet":"max-snippet:-1","max-image-preview":"max-image-preview:large","max-video-preview":"max-video-preview:-1"},"canonical":"https:\/\/ugicinsurance.com\/fr\/nous-joindre\/","og_locale":"fr_FR","og_type":"article","og_title":"Nous contacter - United General Insurance Corp.","og_description":"Nous contacter","og_url":"https:\/\/ugicinsurance.com\/fr\/nous-joindre\/","og_site_name":"United General Insurance Corp.","article_modified_time":"2025-04-07T15:52:16+00:00","twitter_card":"summary_large_image","twitter_misc":{"Dur\u00e9e de lecture estim\u00e9e":"2 minutes"},"schema":{"@context":"https:\/\/schema.org","@graph":[{"@type":"WebPage","@id":"https:\/\/ugicinsurance.com\/fr\/nous-joindre\/","url":"https:\/\/ugicinsurance.com\/fr\/nous-joindre\/","name":"Nous contacter - United General Insurance Corp.","isPartOf":{"@id":"https:\/\/ugicinsurance.com\/fr\/#website"},"datePublished":"2015-07-16T12:12:51+00:00","dateModified":"2025-04-07T15:52:16+00:00","description":"Nous contacter","breadcrumb":{"@id":"https:\/\/ugicinsurance.com\/fr\/nous-joindre\/#breadcrumb"},"inLanguage":"fr-FR","potentialAction":[{"@type":"ReadAction","target":["https:\/\/ugicinsurance.com\/fr\/nous-joindre\/"]}]},{"@type":"BreadcrumbList","@id":"https:\/\/ugicinsurance.com\/fr\/nous-joindre\/#breadcrumb","itemListElement":[{"@type":"ListItem","position":1,"name":"Home","item":"https:\/\/ugicinsurance.com\/fr\/"},{"@type":"ListItem","position":2,"name":"Nous contacter"}]},{"@type":"WebSite","@id":"https:\/\/ugicinsurance.com\/fr\/#website","url":"https:\/\/ugicinsurance.com\/fr\/","name":"United General Insurance Corp.","description":"Giving you peace of mind, close to home.","publisher":{"@id":"https:\/\/ugicinsurance.com\/fr\/#organization"},"potentialAction":[{"@type":"SearchAction","target":{"@type":"EntryPoint","urlTemplate":"https:\/\/ugicinsurance.com\/fr\/?s={search_term_string}"},"query-input":{"@type":"PropertyValueSpecification","valueRequired":true,"valueName":"search_term_string"}}],"inLanguage":"fr-FR"},{"@type":"Organization","@id":"https:\/\/ugicinsurance.com\/fr\/#organization","name":"United General Insurance Corporation","url":"https:\/\/ugicinsurance.com\/fr\/","logo":{"@type":"ImageObject","inLanguage":"fr-FR","@id":"https:\/\/ugicinsurance.com\/fr\/#\/schema\/logo\/image\/","url":"https:\/\/ugicinsurance.com\/wp-content\/uploads\/2020\/01\/UGIC_logo_300_res.png","contentUrl":"https:\/\/ugicinsurance.com\/wp-content\/uploads\/2020\/01\/UGIC_logo_300_res.png","width":501,"height":221,"caption":"United General Insurance Corporation"},"image":{"@id":"https:\/\/ugicinsurance.com\/fr\/#\/schema\/logo\/image\/"}}]}},"_links":{"self":[{"href":"https:\/\/ugicinsurance.com\/fr\/wp-json\/wp\/v2\/pages\/1285","targetHints":{"allow":["GET"]}}],"collection":[{"href":"https:\/\/ugicinsurance.com\/fr\/wp-json\/wp\/v2\/pages"}],"about":[{"href":"https:\/\/ugicinsurance.com\/fr\/wp-json\/wp\/v2\/types\/page"}],"author":[{"embeddable":true,"href":"https:\/\/ugicinsurance.com\/fr\/wp-json\/wp\/v2\/users\/1"}],"replies":[{"embeddable":true,"href":"https:\/\/ugicinsurance.com\/fr\/wp-json\/wp\/v2\/comments?post=1285"}],"version-history":[{"count":15,"href":"https:\/\/ugicinsurance.com\/fr\/wp-json\/wp\/v2\/pages\/1285\/revisions"}],"predecessor-version":[{"id":3945,"href":"https:\/\/ugicinsurance.com\/fr\/wp-json\/wp\/v2\/pages\/1285\/revisions\/3945"}],"wp:attachment":[{"href":"https:\/\/ugicinsurance.com\/fr\/wp-json\/wp\/v2\/media?parent=1285"}],"curies":[{"name":"wp","href":"https:\/\/api.w.org\/{rel}","templated":true}]}}